{"id":207,"date":"2023-02-07T05:12:31","date_gmt":"2023-02-07T05:12:31","guid":{"rendered":"https:\/\/wpriverthemes.com\/earnaelem\/?page_id=207"},"modified":"2025-09-05T21:16:47","modified_gmt":"2025-09-05T21:16:47","slug":"sobre-nosotros","status":"publish","type":"page","link":"https:\/\/sukcese.com\/es\/sobre-nosotros\/","title":{"rendered":"Sobre nosotros"},"content":{"rendered":"\t\t<div data-elementor-type=\"wp-page\" data-elementor-id=\"207\" class=\"elementor elementor-207\" data-elementor-post-type=\"page\">\n\t\t\t\t\t\t<section class=\"elementor-section elementor-top-section elementor-element elementor-element-9da1a5f elementor-section-full_width elementor-section-height-default elementor-section-height-default\" data-id=\"9da1a5f\" data-element_type=\"section\">\n\t\t\t\t\t\t<div class=\"elementor-container elementor-column-gap-no\">\n\t\t\t\t\t<div class=\"elementor-column elementor-col-100 elementor-top-column elementor-element elementor-element-122421e\" data-id=\"122421e\" data-element_type=\"column\">\n\t\t\t<div class=\"elementor-widget-wrap elementor-element-populated\">\n\t\t\t\t\t\t<div class=\"elementor-element elementor-element-a2be89e elementor-invisible elementor-widget elementor-widget-about1\" data-id=\"a2be89e\" data-element_type=\"widget\" data-settings=\"{&quot;_animation&quot;:&quot;fadeIn&quot;}\" data-widget_type=\"about1.default\">\n\t\t\t\t<div class=\"elementor-widget-container\">\n\t\t\t\t\t\n        <!-- Start About \n============================================= -->\n<div class=\"about-us-area default-padding bg-gray\">\n    <div class=\"container\">\n        <div class=\"about-items\">\n            <div class=\"row align-center\">\n                <div class=\"col-lg-6\">\n                    <div class=\"thumb\">\n                        <img decoding=\"async\" src=\"https:\/\/sukcese.com\/es\/wp-content\/uploads\/2025\/08\/website-about-us.jpg\" alt=\"Thumb\">\n                        <h2><strong>Sitios web<\/strong> <br>Que te traen clientes<\/h2>\n                    <\/div>\n                <\/div>\n                <div class=\"col-lg-6 info\">\n                    <h2>Nosotros construimos sitios web  <br> Que ayudan a que su negocio crezca<\/h2>\n                    <p>\n                        Creamos sitios web modernos y profesionales dise\u00f1ados para atraer clientes, impulsar las ventas y darle a su negocio una s\u00f3lida presencia en l\u00ednea.                    <\/p>\n                    <ul>\n                                            <li>Sitios web personalizados para peque\u00f1as empresas<\/li>\n                                                <li>Listo para dispositivos m\u00f3viles y SEO<\/li>\n                                                <li>Entrega r\u00e1pida y soporte continuo.<\/li>\n                                            <\/ul>\n                    <div class=\"author\">\n                        <div class=\"signature\">\n                            <img decoding=\"async\" src=\"https:\/\/sukcese.com\/es\/wp-content\/uploads\/2023\/02\/signature.png\" alt=\"signature\">\n                        <\/div>\n                        <div class=\"intro\">\n                            <h5>SUKCESE LLC<\/h5>\n                            <span>Ayudando a las empresas a lograr sus objetivos<\/span>\n                        <\/div>\n                    <\/div>\n                <\/div>\n            <\/div>\n        <\/div>\n    <\/div>\n<\/div>\n<!-- End About Area -->\n\n    \t\t\t\t<\/div>\n\t\t\t\t<\/div>\n\t\t\t\t\t<\/div>\n\t\t<\/div>\n\t\t\t\t\t<\/div>\n\t\t<\/section>\n\t\t\t\t<section class=\"elementor-section elementor-top-section elementor-element elementor-element-f9c40b9 elementor-section-full_width elementor-section-height-default elementor-section-height-default\" data-id=\"f9c40b9\" data-element_type=\"section\">\n\t\t\t\t\t\t<div class=\"elementor-container elementor-column-gap-no\">\n\t\t\t\t\t<div class=\"elementor-column elementor-col-100 elementor-top-column elementor-element elementor-element-864577d\" data-id=\"864577d\" data-element_type=\"column\">\n\t\t\t<div class=\"elementor-widget-wrap elementor-element-populated\">\n\t\t\t\t\t\t<div class=\"elementor-element elementor-element-24e500b elementor-invisible elementor-widget elementor-widget-features\" data-id=\"24e500b\" data-element_type=\"widget\" data-settings=\"{&quot;_animation&quot;:&quot;fadeInUp&quot;}\" data-widget_type=\"features.default\">\n\t\t\t\t<div class=\"elementor-widget-container\">\n\t\t\t\t\t\n        <!-- Star Work Process Area\n    ============================================= -->\n    <div class=\"work-process-area features-area default-padding\">\n                <div class=\"container\">\n            <div class=\"row\">\n                <div class=\"col-lg-8 offset-lg-2\">\n                    <div class=\"site-heading text-center\">\n                        <h4>De la idea al sitio web en solo 3 sencillos pasos<\/h4>\n                        <h2>Pasos sencillos para obtener tu nuevo sitio web<\/h2>\n                        <div class=\"devider\"><\/div>\n                    <\/div>\n                <\/div>\n            <\/div>\n        <\/div>\n                <div class=\"container\">\n            <div class=\"work-process-items features-content\">\n                <div class=\"row\">\n\n        \n                <!-- Single Item -->\n                <div class=\"single-item col-lg-4 col-md-6\">\n                    <div class=\"item\">\n                        <i class=\"flaticon-speech-bubble\"><\/i>\n                        <div class=\"top\">\n                            <span>01<\/span>\n                            <h4>Cu\u00e9ntenos sobre su negocio<\/h4>\n                        <\/div>\n                        <p>\n                            Comparte tus objetivos y el tipo de sitio web que necesitas. Lo simplificamos.                        <\/p>\n                        <a href=\"https:\/\/sukcese.com\/es\/contactenos\/\"><i class=\"arrow_right\"><\/i><\/a>\n                    <\/div>\n                <\/div>\n                <!-- Single Item -->\n\n        \n                <!-- Single Item -->\n                <div class=\"single-item col-lg-4 col-md-6\">\n                    <div class=\"item\">\n                        <i class=\"flaticon-speech-bubble\"><\/i>\n                        <div class=\"top\">\n                            <span>02<\/span>\n                            <h4>Dise\u00f1amos y construimos su sitio web<\/h4>\n                        <\/div>\n                        <p>\n                            Nuestro equipo crea un sitio web moderno, optimizado para dispositivos m\u00f3viles y adaptado a su marca.                        <\/p>\n                        <a href=\"https:\/\/sukcese.com\/es\/contactenos\/\"><i class=\"arrow_right\"><\/i><\/a>\n                    <\/div>\n                <\/div>\n                <!-- Single Item -->\n\n        \n                <!-- Single Item -->\n                <div class=\"single-item col-lg-4 col-md-6\">\n                    <div class=\"item\">\n                        <i class=\"flaticon-speech-bubble\"><\/i>\n                        <div class=\"top\">\n                            <span>03<\/span>\n                            <h4>Lanzar y crecer en l\u00ednea<\/h4>\n                        <\/div>\n                        <p>\n                            Publicamos tu sitio web y te damos soporte continuo para atraer m\u00e1s clientes.                        <\/p>\n                        <a href=\"https:\/\/sukcese.com\/es\/contactenos\/\"><i class=\"arrow_right\"><\/i><\/a>\n                    <\/div>\n                <\/div>\n                <!-- Single Item -->\n\n        \n        <\/div>\n            <\/div>\n        <\/div>\n    <\/div>\n    <!-- End Features Area -->\n\n    \t\t\t\t<\/div>\n\t\t\t\t<\/div>\n\t\t\t\t\t<\/div>\n\t\t<\/div>\n\t\t\t\t\t<\/div>\n\t\t<\/section>\n\t\t\t\t<\/div>\n\t\t","protected":false},"excerpt":{"rendered":"<p>Sitios web Que te traen clientes Nosotros construimos sitios web Que ayudan a que su negocio crezca Creamos sitios web modernos y profesionales dise\u00f1ados para atraer clientes, impulsar las ventas y darle a su negocio una s\u00f3lida presencia en l\u00ednea. Sitios web personalizados para peque\u00f1as empresas Listo para dispositivos m\u00f3viles y SEO Entrega r\u00e1pida y [&hellip;]<\/p>\n","protected":false},"author":1,"featured_media":1182,"parent":0,"menu_order":0,"comment_status":"closed","ping_status":"closed","template":"page-templates\/pages-about.php","meta":{"footnotes":""},"class_list":["post-207","page","type-page","status-publish","has-post-thumbnail","hentry"],"_links":{"self":[{"href":"https:\/\/sukcese.com\/es\/wp-json\/wp\/v2\/pages\/207","targetHints":{"allow":["GET"]}}],"collection":[{"href":"https:\/\/sukcese.com\/es\/wp-json\/wp\/v2\/pages"}],"about":[{"href":"https:\/\/sukcese.com\/es\/wp-json\/wp\/v2\/types\/page"}],"author":[{"embeddable":true,"href":"https:\/\/sukcese.com\/es\/wp-json\/wp\/v2\/users\/1"}],"replies":[{"embeddable":true,"href":"https:\/\/sukcese.com\/es\/wp-json\/wp\/v2\/comments?post=207"}],"version-history":[{"count":46,"href":"https:\/\/sukcese.com\/es\/wp-json\/wp\/v2\/pages\/207\/revisions"}],"predecessor-version":[{"id":1350,"href":"https:\/\/sukcese.com\/es\/wp-json\/wp\/v2\/pages\/207\/revisions\/1350"}],"wp:featuredmedia":[{"embeddable":true,"href":"https:\/\/sukcese.com\/es\/wp-json\/wp\/v2\/media\/1182"}],"wp:attachment":[{"href":"https:\/\/sukcese.com\/es\/wp-json\/wp\/v2\/media?parent=207"}],"curies":[{"name":"wp","href":"https:\/\/api.w.org\/{rel}","templated":true}]}}